{"id":846,"date":"2022-10-13T11:58:00","date_gmt":"2022-10-13T09:58:00","guid":{"rendered":"https:\/\/sienna-echidna-939767.hostingersite.com\/?page_id=846"},"modified":"2023-07-12T18:27:06","modified_gmt":"2023-07-12T16:27:06","slug":"extranjeria","status":"publish","type":"page","link":"https:\/\/segurabravoabogados.com\/en\/extranjeria\/","title":{"rendered":"Foreigners Law"},"content":{"rendered":"<div class=\"wp-block-cover aligncenter ticss-a22c3bde\"><span aria-hidden=\"true\" class=\"wp-block-cover__background has-background-dim\"><\/span><img decoding=\"async\" class=\"wp-block-cover__image-background wp-image-826 lazyload\" alt=\"\u00c1reas de pr\u00e1ctica\" src=\"data:image\/gif;base64,R0lGODlhAQABAIAAAAAAAP\/\/\/yH5BAEAAAAALAAAAAABAAEAAAIBRAA7\" data-src=\"http:\/\/segurabravoabogados.com\/wp-content\/uploads\/2022\/10\/contrato-y-obligaciones-scaled.jpg\" data-object-fit=\"cover\"\/><noscript><img decoding=\"async\" width=\"2560\" height=\"1506\" class=\"wp-block-cover__image-background wp-image-826 lazyload\" alt=\"\u00c1reas de pr\u00e1ctica\" src=\"http:\/\/segurabravoabogados.com\/wp-content\/uploads\/2022\/10\/contrato-y-obligaciones-scaled.jpg\" data-object-fit=\"cover\" srcset=\"https:\/\/segurabravoabogados.com\/wp-content\/uploads\/2022\/10\/contrato-y-obligaciones-scaled.jpg 2560w, https:\/\/segurabravoabogados.com\/wp-content\/uploads\/2022\/10\/contrato-y-obligaciones-300x176.jpg 300w, https:\/\/segurabravoabogados.com\/wp-content\/uploads\/2022\/10\/contrato-y-obligaciones-1024x602.jpg 1024w, https:\/\/segurabravoabogados.com\/wp-content\/uploads\/2022\/10\/contrato-y-obligaciones-768x452.jpg 768w, https:\/\/segurabravoabogados.com\/wp-content\/uploads\/2022\/10\/contrato-y-obligaciones-1536x903.jpg 1536w, https:\/\/segurabravoabogados.com\/wp-content\/uploads\/2022\/10\/contrato-y-obligaciones-2048x1205.jpg 2048w, https:\/\/segurabravoabogados.com\/wp-content\/uploads\/2022\/10\/contrato-y-obligaciones-18x12.jpg 18w\" sizes=\"(max-width: 2560px) 100vw, 2560px\" \/><\/noscript><div class=\"wp-block-cover__inner-container is-layout-flow wp-block-cover-is-layout-flow\">\n<h1 class=\"wp-block-heading has-text-align-left\">Abogados especializados en Extranjer\u00eda en M\u00e1laga<\/h1>\n\n\n\n<h3 class=\"wp-block-heading has-text-align-left has-neve-link-color-color has-text-color\">LEGAL AND TAX SERVICES<\/h3>\n<\/div><\/div>\n\n\n\n<div style=\"height:100px\" aria-hidden=\"true\" class=\"wp-block-spacer\"><\/div>\n\n\n\n<div id=\"wp-block-themeisle-blocks-advanced-columns-8ad9cd19\" class=\"wp-block-themeisle-blocks-advanced-columns has-2-columns has-desktop-equal-layout has-tablet-equal-layout has-mobile-collapsedRows-layout has-vertical-unset\"><div class=\"wp-block-themeisle-blocks-advanced-columns-overlay\"><\/div><div class=\"innerblocks-wrap\">\n<div id=\"wp-block-themeisle-blocks-advanced-column-6ae2d84a\" class=\"wp-block-themeisle-blocks-advanced-column\"><div class=\"wp-block-image\">\n<figure class=\"aligncenter size-large is-resized\"><img decoding=\"async\" src=\"data:image\/gif;base64,R0lGODlhAQABAIAAAAAAAP\/\/\/yH5BAEAAAAALAAAAAABAAEAAAIBRAA7\" data-src=\"http:\/\/segurabravoabogados.com\/wp-content\/uploads\/2022\/12\/residencia-espanola-1024x873.jpg\" alt=\"\" class=\"wp-image-1093 lazyload\" width=\"442\" height=\"376\"\/><noscript><img decoding=\"async\" src=\"http:\/\/segurabravoabogados.com\/wp-content\/uploads\/2022\/12\/residencia-espanola-1024x873.jpg\" alt=\"\" class=\"wp-image-1093 lazyload\" width=\"442\" height=\"376\" srcset=\"https:\/\/segurabravoabogados.com\/wp-content\/uploads\/2022\/12\/residencia-espanola-1024x873.jpg 1024w, https:\/\/segurabravoabogados.com\/wp-content\/uploads\/2022\/12\/residencia-espanola-300x256.jpg 300w, https:\/\/segurabravoabogados.com\/wp-content\/uploads\/2022\/12\/residencia-espanola-768x655.jpg 768w, https:\/\/segurabravoabogados.com\/wp-content\/uploads\/2022\/12\/residencia-espanola-1536x1309.jpg 1536w, https:\/\/segurabravoabogados.com\/wp-content\/uploads\/2022\/12\/residencia-espanola-2048x1746.jpg 2048w, https:\/\/segurabravoabogados.com\/wp-content\/uploads\/2022\/12\/residencia-espanola-14x12.jpg 14w\" sizes=\"(max-width: 442px) 100vw, 442px\" \/><\/noscript><\/figure><\/div><\/div>\n\n\n\n<div id=\"wp-block-themeisle-blocks-advanced-column-a6d11d4b\" class=\"wp-block-themeisle-blocks-advanced-column\">\n<p><\/p>\n\n\n\n<h3 class=\"wp-block-heading has-neve-link-hover-color-color has-text-color\">Permiso de residencia<\/h3>\n\n\n\n<ul class=\"wp-block-list\">\n<li>Estancia por estudios<\/li>\n\n\n\n<li>Autorizaci\u00f3n inicial de residencia y trabajo por cuenta ajena y cuenta propia<\/li>\n\n\n\n<li>Arraigo Social, Laboral y Familiar<\/li>\n\n\n\n<li>Tarjeta de familiar comunitario<\/li>\n\n\n\n<li>Reagrupaci\u00f3n familiar<\/li>\n\n\n\n<li>Por pareja de hecho<\/li>\n\n\n\n<li>Solicitud de residencia comunitaria en M\u00e1laga<\/li>\n<\/ul>\n<\/div>\n<\/div><\/div>\n\n\n\n<div style=\"height:49px\" aria-hidden=\"true\" class=\"wp-block-spacer\"><\/div>\n\n\n\n<div id=\"wp-block-themeisle-blocks-advanced-columns-7a9fa9a7\" class=\"wp-block-themeisle-blocks-advanced-columns has-2-columns has-desktop-equal-layout has-tablet-equal-layout has-mobile-collapsedRows-layout has-vertical-unset\"><div class=\"wp-block-themeisle-blocks-advanced-columns-overlay\"><\/div><div class=\"innerblocks-wrap\">\n<div id=\"wp-block-themeisle-blocks-advanced-column-21fbe7ba\" class=\"wp-block-themeisle-blocks-advanced-column\">\n<p><\/p>\n\n\n\n<h3 class=\"wp-block-heading has-neve-link-hover-color-color has-text-color\">Nacionalidad<\/h3>\n\n\n\n<ul class=\"wp-block-list\">\n<li>Nacionalidad por <em><strong>residencia<\/strong><\/em>. <\/li>\n\n\n\n<li>Nacionalidad por <em><strong>carta de naturaleza<\/strong><\/em>.<\/li>\n\n\n\n<li>Nacionalidad para espa\u00f1oles de <em><strong>origen<\/strong><\/em>.&nbsp;<\/li>\n\n\n\n<li>Nacionalidad por <em><strong>posesi\u00f3n de estado<\/strong><\/em>.<\/li>\n\n\n\n<li>Nacionalidad por <em><strong>opci\u00f3n<\/strong><\/em>.&nbsp;<\/li>\n<\/ul>\n<\/div>\n\n\n\n<div id=\"wp-block-themeisle-blocks-advanced-column-1a6a5f16\" class=\"wp-block-themeisle-blocks-advanced-column\">\n<figure class=\"wp-block-pullquote\" style=\"font-size:8px\"><blockquote><p>\u00ab1. Son <strong>espa\u00f1oles de origen<\/strong>:<br>a) Los nacidos de padre o madre espa\u00f1oles.<br>b) Los nacidos en Espa\u00f1a de padres extranjeros si, al menos, uno de ellos hubiera nacido tambi\u00e9n en Espa\u00f1a. Se except\u00faan los hijos de funcionario diplom\u00e1tico o consular acreditado en Espa\u00f1a.<br>c) Los nacidos en Espa\u00f1a de padres extranjeros, si ambos carecieren de nacionalidad o si la legislaci\u00f3n de ninguno de ellos atribuye al hijo una nacionalidad.<br>d) Los nacidos en Espa\u00f1a cuya filiaci\u00f3n no resulte determinada. A estos efectos, se presumen nacidos en territorio espa\u00f1ol los menores de edad cuyo primer lugar conocido de estancia sea territorio espa\u00f1ol.\u00bb<\/p><cite>-Art\u00edculo 17.1 C\u00f3digo Civil<\/cite><\/blockquote><\/figure>\n<\/div>\n<\/div><\/div>","protected":false},"excerpt":{"rendered":"","protected":false},"author":1,"featured_media":0,"parent":0,"menu_order":0,"comment_status":"closed","ping_status":"closed","template":"","meta":{"neve_meta_sidebar":"full-width","neve_meta_container":"full-width","neve_meta_enable_content_width":"on","neve_meta_content_width":100,"neve_meta_title_alignment":"","neve_meta_author_avatar":"","neve_post_elements_order":"","neve_meta_disable_header":"","neve_meta_disable_footer":"","neve_meta_disable_title":"on","_themeisle_gutenberg_block_has_review":false,"footnotes":""},"class_list":["post-846","page","type-page","status-publish","hentry"],"yoast_head":"<!-- This site is optimized with the Yoast SEO plugin v27.4 - https:\/\/yoast.com\/product\/yoast-seo-wordpress\/ -->\n<title>Abogados extranjer\u00eda en M\u00e1laga - Extranjer\u00eda<\/title>\n<meta name=\"description\" content=\"Tramitamos tu solicitud de permiso de residencia comunitaria y de nacionalidad. Abogados especializados en Extranjer\u00eda en M\u00e1laga.\" \/>\n<meta name=\"robots\" content=\"index, follow, max-snippet:-1, max-image-preview:large, max-video-preview:-1\" \/>\n<link rel=\"canonical\" href=\"https:\/\/segurabravoabogados.com\/en\/extranjeria\/\" \/>\n<meta property=\"og:locale\" content=\"en_GB\" \/>\n<meta property=\"og:type\" content=\"article\" \/>\n<meta property=\"og:title\" content=\"Abogados extranjer\u00eda en M\u00e1laga - Extranjer\u00eda\" \/>\n<meta property=\"og:description\" content=\"Tramitamos tu solicitud de permiso de residencia comunitaria y de nacionalidad. Abogados especializados en Extranjer\u00eda en M\u00e1laga.\" \/>\n<meta property=\"og:url\" content=\"https:\/\/segurabravoabogados.com\/en\/extranjeria\/\" \/>\n<meta property=\"og:site_name\" content=\"SEGURA &amp; BRAVO ABOGADOS\" \/>\n<meta property=\"article:modified_time\" content=\"2023-07-12T16:27:06+00:00\" \/>\n<meta property=\"og:image\" content=\"http:\/\/segurabravoabogados.com\/wp-content\/uploads\/2022\/10\/contrato-y-obligaciones-scaled.jpg\" \/>\n<meta name=\"twitter:card\" content=\"summary_large_image\" \/>\n<meta name=\"twitter:label1\" content=\"Estimated reading time\" \/>\n\t<meta name=\"twitter:data1\" content=\"1 minute\" \/>\n<script type=\"application\/ld+json\" class=\"yoast-schema-graph\">{\"@context\":\"https:\\\/\\\/schema.org\",\"@graph\":[{\"@type\":\"WebPage\",\"@id\":\"https:\\\/\\\/segurabravoabogados.com\\\/en\\\/extranjeria\\\/\",\"url\":\"https:\\\/\\\/segurabravoabogados.com\\\/en\\\/extranjeria\\\/\",\"name\":\"Abogados extranjer\u00eda en M\u00e1laga - Extranjer\u00eda\",\"isPartOf\":{\"@id\":\"https:\\\/\\\/segurabravoabogados.com\\\/#website\"},\"primaryImageOfPage\":{\"@id\":\"https:\\\/\\\/segurabravoabogados.com\\\/en\\\/extranjeria\\\/#primaryimage\"},\"image\":{\"@id\":\"https:\\\/\\\/segurabravoabogados.com\\\/en\\\/extranjeria\\\/#primaryimage\"},\"thumbnailUrl\":\"http:\\\/\\\/segurabravoabogados.com\\\/wp-content\\\/uploads\\\/2022\\\/10\\\/contrato-y-obligaciones-scaled.jpg\",\"datePublished\":\"2022-10-13T09:58:00+00:00\",\"dateModified\":\"2023-07-12T16:27:06+00:00\",\"description\":\"Tramitamos tu solicitud de permiso de residencia comunitaria y de nacionalidad. Abogados especializados en Extranjer\u00eda en M\u00e1laga.\",\"breadcrumb\":{\"@id\":\"https:\\\/\\\/segurabravoabogados.com\\\/en\\\/extranjeria\\\/#breadcrumb\"},\"inLanguage\":\"en-GB\",\"potentialAction\":[{\"@type\":\"ReadAction\",\"target\":[\"https:\\\/\\\/segurabravoabogados.com\\\/en\\\/extranjeria\\\/\"]}]},{\"@type\":\"ImageObject\",\"inLanguage\":\"en-GB\",\"@id\":\"https:\\\/\\\/segurabravoabogados.com\\\/en\\\/extranjeria\\\/#primaryimage\",\"url\":\"http:\\\/\\\/segurabravoabogados.com\\\/wp-content\\\/uploads\\\/2022\\\/10\\\/contrato-y-obligaciones-scaled.jpg\",\"contentUrl\":\"http:\\\/\\\/segurabravoabogados.com\\\/wp-content\\\/uploads\\\/2022\\\/10\\\/contrato-y-obligaciones-scaled.jpg\"},{\"@type\":\"BreadcrumbList\",\"@id\":\"https:\\\/\\\/segurabravoabogados.com\\\/en\\\/extranjeria\\\/#breadcrumb\",\"itemListElement\":[{\"@type\":\"ListItem\",\"position\":1,\"name\":\"Home\",\"item\":\"https:\\\/\\\/segurabravoabogados.com\\\/\"},{\"@type\":\"ListItem\",\"position\":2,\"name\":\"Extranjer\u00eda\"}]},{\"@type\":\"WebSite\",\"@id\":\"https:\\\/\\\/segurabravoabogados.com\\\/#website\",\"url\":\"https:\\\/\\\/segurabravoabogados.com\\\/\",\"name\":\"SEGURA &amp; BRAVO ABOGADOS\",\"description\":\"SEGURA &amp; BRAVO ABOGADOS\",\"publisher\":{\"@id\":\"https:\\\/\\\/segurabravoabogados.com\\\/#organization\"},\"potentialAction\":[{\"@type\":\"SearchAction\",\"target\":{\"@type\":\"EntryPoint\",\"urlTemplate\":\"https:\\\/\\\/segurabravoabogados.com\\\/?s={search_term_string}\"},\"query-input\":{\"@type\":\"PropertyValueSpecification\",\"valueRequired\":true,\"valueName\":\"search_term_string\"}}],\"inLanguage\":\"en-GB\"},{\"@type\":\"Organization\",\"@id\":\"https:\\\/\\\/segurabravoabogados.com\\\/#organization\",\"name\":\"SEGURA & BRAVO ABOGADOS\",\"url\":\"https:\\\/\\\/segurabravoabogados.com\\\/\",\"logo\":{\"@type\":\"ImageObject\",\"inLanguage\":\"en-GB\",\"@id\":\"https:\\\/\\\/segurabravoabogados.com\\\/#\\\/schema\\\/logo\\\/image\\\/\",\"url\":\"http:\\\/\\\/segurabravoabogados.com\\\/wp-content\\\/uploads\\\/2022\\\/10\\\/Logo-Segura-Bravo-Abogados.jpg\",\"contentUrl\":\"http:\\\/\\\/segurabravoabogados.com\\\/wp-content\\\/uploads\\\/2022\\\/10\\\/Logo-Segura-Bravo-Abogados.jpg\",\"width\":500,\"height\":179,\"caption\":\"SEGURA & BRAVO ABOGADOS\"},\"image\":{\"@id\":\"https:\\\/\\\/segurabravoabogados.com\\\/#\\\/schema\\\/logo\\\/image\\\/\"}}]}<\/script>\n<!-- \/ Yoast SEO plugin. -->","yoast_head_json":{"title":"Abogados extranjer\u00eda en M\u00e1laga - Extranjer\u00eda","description":"Tramitamos tu solicitud de permiso de residencia comunitaria y de nacionalidad. Abogados especializados en Extranjer\u00eda en M\u00e1laga.","robots":{"index":"index","follow":"follow","max-snippet":"max-snippet:-1","max-image-preview":"max-image-preview:large","max-video-preview":"max-video-preview:-1"},"canonical":"https:\/\/segurabravoabogados.com\/en\/extranjeria\/","og_locale":"en_GB","og_type":"article","og_title":"Abogados extranjer\u00eda en M\u00e1laga - Extranjer\u00eda","og_description":"Tramitamos tu solicitud de permiso de residencia comunitaria y de nacionalidad. Abogados especializados en Extranjer\u00eda en M\u00e1laga.","og_url":"https:\/\/segurabravoabogados.com\/en\/extranjeria\/","og_site_name":"SEGURA &amp; BRAVO ABOGADOS","article_modified_time":"2023-07-12T16:27:06+00:00","og_image":[{"url":"http:\/\/segurabravoabogados.com\/wp-content\/uploads\/2022\/10\/contrato-y-obligaciones-scaled.jpg","type":"","width":"","height":""}],"twitter_card":"summary_large_image","twitter_misc":{"Estimated reading time":"1 minute"},"schema":{"@context":"https:\/\/schema.org","@graph":[{"@type":"WebPage","@id":"https:\/\/segurabravoabogados.com\/en\/extranjeria\/","url":"https:\/\/segurabravoabogados.com\/en\/extranjeria\/","name":"Abogados extranjer\u00eda en M\u00e1laga - Extranjer\u00eda","isPartOf":{"@id":"https:\/\/segurabravoabogados.com\/#website"},"primaryImageOfPage":{"@id":"https:\/\/segurabravoabogados.com\/en\/extranjeria\/#primaryimage"},"image":{"@id":"https:\/\/segurabravoabogados.com\/en\/extranjeria\/#primaryimage"},"thumbnailUrl":"http:\/\/segurabravoabogados.com\/wp-content\/uploads\/2022\/10\/contrato-y-obligaciones-scaled.jpg","datePublished":"2022-10-13T09:58:00+00:00","dateModified":"2023-07-12T16:27:06+00:00","description":"Tramitamos tu solicitud de permiso de residencia comunitaria y de nacionalidad. Abogados especializados en Extranjer\u00eda en M\u00e1laga.","breadcrumb":{"@id":"https:\/\/segurabravoabogados.com\/en\/extranjeria\/#breadcrumb"},"inLanguage":"en-GB","potentialAction":[{"@type":"ReadAction","target":["https:\/\/segurabravoabogados.com\/en\/extranjeria\/"]}]},{"@type":"ImageObject","inLanguage":"en-GB","@id":"https:\/\/segurabravoabogados.com\/en\/extranjeria\/#primaryimage","url":"http:\/\/segurabravoabogados.com\/wp-content\/uploads\/2022\/10\/contrato-y-obligaciones-scaled.jpg","contentUrl":"http:\/\/segurabravoabogados.com\/wp-content\/uploads\/2022\/10\/contrato-y-obligaciones-scaled.jpg"},{"@type":"BreadcrumbList","@id":"https:\/\/segurabravoabogados.com\/en\/extranjeria\/#breadcrumb","itemListElement":[{"@type":"ListItem","position":1,"name":"Home","item":"https:\/\/segurabravoabogados.com\/"},{"@type":"ListItem","position":2,"name":"Extranjer\u00eda"}]},{"@type":"WebSite","@id":"https:\/\/segurabravoabogados.com\/#website","url":"https:\/\/segurabravoabogados.com\/","name":"SEGURA &amp; BRAVO LAWYERS","description":"SEGURA &amp; BRAVO LAWYERS","publisher":{"@id":"https:\/\/segurabravoabogados.com\/#organization"},"potentialAction":[{"@type":"SearchAction","target":{"@type":"EntryPoint","urlTemplate":"https:\/\/segurabravoabogados.com\/?s={search_term_string}"},"query-input":{"@type":"PropertyValueSpecification","valueRequired":true,"valueName":"search_term_string"}}],"inLanguage":"en-GB"},{"@type":"Organization","@id":"https:\/\/segurabravoabogados.com\/#organization","name":"SEGURA & BRAVO ABOGADOS","url":"https:\/\/segurabravoabogados.com\/","logo":{"@type":"ImageObject","inLanguage":"en-GB","@id":"https:\/\/segurabravoabogados.com\/#\/schema\/logo\/image\/","url":"http:\/\/segurabravoabogados.com\/wp-content\/uploads\/2022\/10\/Logo-Segura-Bravo-Abogados.jpg","contentUrl":"http:\/\/segurabravoabogados.com\/wp-content\/uploads\/2022\/10\/Logo-Segura-Bravo-Abogados.jpg","width":500,"height":179,"caption":"SEGURA & BRAVO ABOGADOS"},"image":{"@id":"https:\/\/segurabravoabogados.com\/#\/schema\/logo\/image\/"}}]}},"_links":{"self":[{"href":"https:\/\/segurabravoabogados.com\/en\/wp-json\/wp\/v2\/pages\/846","targetHints":{"allow":["GET"]}}],"collection":[{"href":"https:\/\/segurabravoabogados.com\/en\/wp-json\/wp\/v2\/pages"}],"about":[{"href":"https:\/\/segurabravoabogados.com\/en\/wp-json\/wp\/v2\/types\/page"}],"author":[{"embeddable":true,"href":"https:\/\/segurabravoabogados.com\/en\/wp-json\/wp\/v2\/users\/1"}],"replies":[{"embeddable":true,"href":"https:\/\/segurabravoabogados.com\/en\/wp-json\/wp\/v2\/comments?post=846"}],"version-history":[{"count":50,"href":"https:\/\/segurabravoabogados.com\/en\/wp-json\/wp\/v2\/pages\/846\/revisions"}],"predecessor-version":[{"id":1448,"href":"https:\/\/segurabravoabogados.com\/en\/wp-json\/wp\/v2\/pages\/846\/revisions\/1448"}],"wp:attachment":[{"href":"https:\/\/segurabravoabogados.com\/en\/wp-json\/wp\/v2\/media?parent=846"}],"curies":[{"name":"wp","href":"https:\/\/api.w.org\/{rel}","templated":true}]}}