{"id":836,"date":"2022-10-13T11:54:56","date_gmt":"2022-10-13T09:54:56","guid":{"rendered":"https:\/\/sienna-echidna-939767.hostingersite.com\/?page_id=836"},"modified":"2023-07-12T19:00:45","modified_gmt":"2023-07-12T17:00:45","slug":"familia-sucesiones","status":"publish","type":"page","link":"https:\/\/segurabravoabogados.com\/en\/familia-sucesiones\/","title":{"rendered":"Family and Inheritance"},"content":{"rendered":"<div class=\"wp-block-cover\"><span aria-hidden=\"true\" class=\"wp-block-cover__background has-background-dim\"><\/span><img decoding=\"async\" class=\"wp-block-cover__image-background wp-image-826 lazyload\" alt=\"\u00c1reas de pr\u00e1ctica\" src=\"data:image\/gif;base64,R0lGODlhAQABAIAAAAAAAP\/\/\/yH5BAEAAAAALAAAAAABAAEAAAIBRAA7\" data-src=\"http:\/\/segurabravoabogados.com\/wp-content\/uploads\/2022\/10\/contrato-y-obligaciones-scaled.jpg\" data-object-fit=\"cover\"\/><noscript><img decoding=\"async\" width=\"2560\" height=\"1506\" class=\"wp-block-cover__image-background wp-image-826 lazyload\" alt=\"\u00c1reas de pr\u00e1ctica\" src=\"http:\/\/segurabravoabogados.com\/wp-content\/uploads\/2022\/10\/contrato-y-obligaciones-scaled.jpg\" data-object-fit=\"cover\" srcset=\"https:\/\/segurabravoabogados.com\/wp-content\/uploads\/2022\/10\/contrato-y-obligaciones-scaled.jpg 2560w, https:\/\/segurabravoabogados.com\/wp-content\/uploads\/2022\/10\/contrato-y-obligaciones-300x176.jpg 300w, https:\/\/segurabravoabogados.com\/wp-content\/uploads\/2022\/10\/contrato-y-obligaciones-1024x602.jpg 1024w, https:\/\/segurabravoabogados.com\/wp-content\/uploads\/2022\/10\/contrato-y-obligaciones-768x452.jpg 768w, https:\/\/segurabravoabogados.com\/wp-content\/uploads\/2022\/10\/contrato-y-obligaciones-1536x903.jpg 1536w, https:\/\/segurabravoabogados.com\/wp-content\/uploads\/2022\/10\/contrato-y-obligaciones-2048x1205.jpg 2048w, https:\/\/segurabravoabogados.com\/wp-content\/uploads\/2022\/10\/contrato-y-obligaciones-18x12.jpg 18w\" sizes=\"(max-width: 2560px) 100vw, 2560px\" \/><\/noscript><div class=\"wp-block-cover__inner-container is-layout-flow wp-block-cover-is-layout-flow\">\n<h1 class=\"wp-block-heading has-text-align-left\">Abogado de Familia y Sucesiones en M\u00e1laga<\/h1>\n\n\n\n<h3 class=\"wp-block-heading has-neve-link-color-color has-text-color\">LEGAL AND TAX SERVICES<\/h3>\n<\/div><\/div>\n\n\n\n<div id=\"wp-block-themeisle-blocks-advanced-columns-b1cc6221\" class=\"wp-block-themeisle-blocks-advanced-columns has-1-columns has-desktop-equal-layout has-tablet-equal-layout has-mobile-equal-layout has-vertical-unset\"><div class=\"wp-block-themeisle-blocks-advanced-columns-overlay\"><\/div><div class=\"innerblocks-wrap\">\n<div id=\"wp-block-themeisle-blocks-advanced-column-1cf6e006\" class=\"wp-block-themeisle-blocks-advanced-column\">\n<h2 class=\"wp-block-heading has-neve-link-hover-color-color has-text-color\">Abogados especializados en herencia en M\u00e1laga<\/h2>\n\n\n\n<p>Contamos con una larga experiencia y especializaci\u00f3n en <strong>cuestiones de familia, herencias y sucesiones.<\/strong> <\/p>\n\n\n\n<ul class=\"wp-block-list\">\n<li>Pactos prematimoniales<\/li>\n\n\n\n<li>Separaci\u00f3n, nulidad y divorcio<\/li>\n\n\n\n<li>Paternidad, Maternidad y Filiaci\u00f3n<\/li>\n\n\n\n<li>Guardia y custodia<\/li>\n\n\n\n<li>Incapacitaci\u00f3n<\/li>\n\n\n\n<li>Reg\u00edmenes econ\u00f3micos<\/li>\n\n\n\n<li>Uniones de hecho<\/li>\n<\/ul>\n\n\n\n<p>No dudes en solicitarnos informaci\u00f3n. <\/p>\n<\/div>\n<\/div><\/div>","protected":false},"excerpt":{"rendered":"","protected":false},"author":1,"featured_media":0,"parent":0,"menu_order":0,"comment_status":"closed","ping_status":"closed","template":"","meta":{"neve_meta_sidebar":"full-width","neve_meta_container":"full-width","neve_meta_enable_content_width":"on","neve_meta_content_width":100,"neve_meta_title_alignment":"","neve_meta_author_avatar":"","neve_post_elements_order":"","neve_meta_disable_header":"","neve_meta_disable_footer":"","neve_meta_disable_title":"on","_themeisle_gutenberg_block_has_review":false,"footnotes":""},"class_list":["post-836","page","type-page","status-publish","hentry"],"yoast_head":"<!-- This site is optimized with the Yoast SEO plugin v27.4 - https:\/\/yoast.com\/product\/yoast-seo-wordpress\/ -->\n<title>Abogado de familia M\u00e1laga | Abogados herencia en M\u00e1laga<\/title>\n<meta name=\"description\" content=\"Abogado de familia. Si buscas un despacho de abogados especializados en herencia en M\u00e1laga, Segura Bravo &amp; Abogados es tu bufete de confianza\" \/>\n<meta name=\"robots\" content=\"index, follow, max-snippet:-1, max-image-preview:large, max-video-preview:-1\" \/>\n<link rel=\"canonical\" href=\"https:\/\/sienna-echidna-939767.hostingersite.com\/familia-sucesiones\/\" \/>\n<meta property=\"og:locale\" content=\"en_GB\" \/>\n<meta property=\"og:type\" content=\"article\" \/>\n<meta property=\"og:title\" content=\"Abogado de familia M\u00e1laga | Abogados herencia en M\u00e1laga\" \/>\n<meta property=\"og:description\" content=\"Abogado de familia. Si buscas un despacho de abogados especializados en herencia en M\u00e1laga, Segura Bravo &amp; Abogados es tu bufete de confianza\" \/>\n<meta property=\"og:url\" content=\"https:\/\/sienna-echidna-939767.hostingersite.com\/familia-sucesiones\/\" \/>\n<meta property=\"og:site_name\" content=\"SEGURA &amp; BRAVO ABOGADOS\" \/>\n<meta property=\"article:modified_time\" content=\"2023-07-12T17:00:45+00:00\" \/>\n<meta property=\"og:image\" content=\"http:\/\/segurabravoabogados.com\/wp-content\/uploads\/2022\/10\/contrato-y-obligaciones-scaled.jpg\" \/>\n<meta name=\"twitter:card\" content=\"summary_large_image\" \/>\n<meta name=\"twitter:label1\" content=\"Estimated reading time\" \/>\n\t<meta name=\"twitter:data1\" content=\"1 minute\" \/>\n<script type=\"application\/ld+json\" class=\"yoast-schema-graph\">{\"@context\":\"https:\\\/\\\/schema.org\",\"@graph\":[{\"@type\":\"WebPage\",\"@id\":\"https:\\\/\\\/sienna-echidna-939767.hostingersite.com\\\/familia-sucesiones\\\/\",\"url\":\"https:\\\/\\\/sienna-echidna-939767.hostingersite.com\\\/familia-sucesiones\\\/\",\"name\":\"Abogado de familia M\u00e1laga | Abogados herencia en M\u00e1laga\",\"isPartOf\":{\"@id\":\"https:\\\/\\\/segurabravoabogados.com\\\/#website\"},\"primaryImageOfPage\":{\"@id\":\"https:\\\/\\\/sienna-echidna-939767.hostingersite.com\\\/familia-sucesiones\\\/#primaryimage\"},\"image\":{\"@id\":\"https:\\\/\\\/sienna-echidna-939767.hostingersite.com\\\/familia-sucesiones\\\/#primaryimage\"},\"thumbnailUrl\":\"http:\\\/\\\/segurabravoabogados.com\\\/wp-content\\\/uploads\\\/2022\\\/10\\\/contrato-y-obligaciones-scaled.jpg\",\"datePublished\":\"2022-10-13T09:54:56+00:00\",\"dateModified\":\"2023-07-12T17:00:45+00:00\",\"description\":\"Abogado de familia. Si buscas un despacho de abogados especializados en herencia en M\u00e1laga, Segura Bravo & Abogados es tu bufete de confianza\",\"breadcrumb\":{\"@id\":\"https:\\\/\\\/sienna-echidna-939767.hostingersite.com\\\/familia-sucesiones\\\/#breadcrumb\"},\"inLanguage\":\"en-GB\",\"potentialAction\":[{\"@type\":\"ReadAction\",\"target\":[\"https:\\\/\\\/sienna-echidna-939767.hostingersite.com\\\/familia-sucesiones\\\/\"]}]},{\"@type\":\"ImageObject\",\"inLanguage\":\"en-GB\",\"@id\":\"https:\\\/\\\/sienna-echidna-939767.hostingersite.com\\\/familia-sucesiones\\\/#primaryimage\",\"url\":\"http:\\\/\\\/segurabravoabogados.com\\\/wp-content\\\/uploads\\\/2022\\\/10\\\/contrato-y-obligaciones-scaled.jpg\",\"contentUrl\":\"http:\\\/\\\/segurabravoabogados.com\\\/wp-content\\\/uploads\\\/2022\\\/10\\\/contrato-y-obligaciones-scaled.jpg\"},{\"@type\":\"BreadcrumbList\",\"@id\":\"https:\\\/\\\/sienna-echidna-939767.hostingersite.com\\\/familia-sucesiones\\\/#breadcrumb\",\"itemListElement\":[{\"@type\":\"ListItem\",\"position\":1,\"name\":\"Home\",\"item\":\"https:\\\/\\\/segurabravoabogados.com\\\/\"},{\"@type\":\"ListItem\",\"position\":2,\"name\":\"Familia y Sucesiones\"}]},{\"@type\":\"WebSite\",\"@id\":\"https:\\\/\\\/segurabravoabogados.com\\\/#website\",\"url\":\"https:\\\/\\\/segurabravoabogados.com\\\/\",\"name\":\"SEGURA &amp; BRAVO ABOGADOS\",\"description\":\"SEGURA &amp; BRAVO ABOGADOS\",\"publisher\":{\"@id\":\"https:\\\/\\\/segurabravoabogados.com\\\/#organization\"},\"potentialAction\":[{\"@type\":\"SearchAction\",\"target\":{\"@type\":\"EntryPoint\",\"urlTemplate\":\"https:\\\/\\\/segurabravoabogados.com\\\/?s={search_term_string}\"},\"query-input\":{\"@type\":\"PropertyValueSpecification\",\"valueRequired\":true,\"valueName\":\"search_term_string\"}}],\"inLanguage\":\"en-GB\"},{\"@type\":\"Organization\",\"@id\":\"https:\\\/\\\/segurabravoabogados.com\\\/#organization\",\"name\":\"SEGURA & BRAVO ABOGADOS\",\"url\":\"https:\\\/\\\/segurabravoabogados.com\\\/\",\"logo\":{\"@type\":\"ImageObject\",\"inLanguage\":\"en-GB\",\"@id\":\"https:\\\/\\\/segurabravoabogados.com\\\/#\\\/schema\\\/logo\\\/image\\\/\",\"url\":\"http:\\\/\\\/segurabravoabogados.com\\\/wp-content\\\/uploads\\\/2022\\\/10\\\/Logo-Segura-Bravo-Abogados.jpg\",\"contentUrl\":\"http:\\\/\\\/segurabravoabogados.com\\\/wp-content\\\/uploads\\\/2022\\\/10\\\/Logo-Segura-Bravo-Abogados.jpg\",\"width\":500,\"height\":179,\"caption\":\"SEGURA & BRAVO ABOGADOS\"},\"image\":{\"@id\":\"https:\\\/\\\/segurabravoabogados.com\\\/#\\\/schema\\\/logo\\\/image\\\/\"}}]}<\/script>\n<!-- \/ Yoast SEO plugin. -->","yoast_head_json":{"title":"Abogado de familia M\u00e1laga | Abogados herencia en M\u00e1laga","description":"Abogado de familia. Si buscas un despacho de abogados especializados en herencia en M\u00e1laga, Segura Bravo & Abogados es tu bufete de confianza","robots":{"index":"index","follow":"follow","max-snippet":"max-snippet:-1","max-image-preview":"max-image-preview:large","max-video-preview":"max-video-preview:-1"},"canonical":"https:\/\/sienna-echidna-939767.hostingersite.com\/familia-sucesiones\/","og_locale":"en_GB","og_type":"article","og_title":"Abogado de familia M\u00e1laga | Abogados herencia en M\u00e1laga","og_description":"Abogado de familia. Si buscas un despacho de abogados especializados en herencia en M\u00e1laga, Segura Bravo & Abogados es tu bufete de confianza","og_url":"https:\/\/sienna-echidna-939767.hostingersite.com\/familia-sucesiones\/","og_site_name":"SEGURA &amp; BRAVO ABOGADOS","article_modified_time":"2023-07-12T17:00:45+00:00","og_image":[{"url":"http:\/\/segurabravoabogados.com\/wp-content\/uploads\/2022\/10\/contrato-y-obligaciones-scaled.jpg","type":"","width":"","height":""}],"twitter_card":"summary_large_image","twitter_misc":{"Estimated reading time":"1 minute"},"schema":{"@context":"https:\/\/schema.org","@graph":[{"@type":"WebPage","@id":"https:\/\/sienna-echidna-939767.hostingersite.com\/familia-sucesiones\/","url":"https:\/\/sienna-echidna-939767.hostingersite.com\/familia-sucesiones\/","name":"Abogado de familia M\u00e1laga | Abogados herencia en M\u00e1laga","isPartOf":{"@id":"https:\/\/segurabravoabogados.com\/#website"},"primaryImageOfPage":{"@id":"https:\/\/sienna-echidna-939767.hostingersite.com\/familia-sucesiones\/#primaryimage"},"image":{"@id":"https:\/\/sienna-echidna-939767.hostingersite.com\/familia-sucesiones\/#primaryimage"},"thumbnailUrl":"http:\/\/segurabravoabogados.com\/wp-content\/uploads\/2022\/10\/contrato-y-obligaciones-scaled.jpg","datePublished":"2022-10-13T09:54:56+00:00","dateModified":"2023-07-12T17:00:45+00:00","description":"Abogado de familia. Si buscas un despacho de abogados especializados en herencia en M\u00e1laga, Segura Bravo & Abogados es tu bufete de confianza","breadcrumb":{"@id":"https:\/\/sienna-echidna-939767.hostingersite.com\/familia-sucesiones\/#breadcrumb"},"inLanguage":"en-GB","potentialAction":[{"@type":"ReadAction","target":["https:\/\/sienna-echidna-939767.hostingersite.com\/familia-sucesiones\/"]}]},{"@type":"ImageObject","inLanguage":"en-GB","@id":"https:\/\/sienna-echidna-939767.hostingersite.com\/familia-sucesiones\/#primaryimage","url":"http:\/\/segurabravoabogados.com\/wp-content\/uploads\/2022\/10\/contrato-y-obligaciones-scaled.jpg","contentUrl":"http:\/\/segurabravoabogados.com\/wp-content\/uploads\/2022\/10\/contrato-y-obligaciones-scaled.jpg"},{"@type":"BreadcrumbList","@id":"https:\/\/sienna-echidna-939767.hostingersite.com\/familia-sucesiones\/#breadcrumb","itemListElement":[{"@type":"ListItem","position":1,"name":"Home","item":"https:\/\/segurabravoabogados.com\/"},{"@type":"ListItem","position":2,"name":"Familia y Sucesiones"}]},{"@type":"WebSite","@id":"https:\/\/segurabravoabogados.com\/#website","url":"https:\/\/segurabravoabogados.com\/","name":"SEGURA &amp; BRAVO LAWYERS","description":"SEGURA &amp; BRAVO LAWYERS","publisher":{"@id":"https:\/\/segurabravoabogados.com\/#organization"},"potentialAction":[{"@type":"SearchAction","target":{"@type":"EntryPoint","urlTemplate":"https:\/\/segurabravoabogados.com\/?s={search_term_string}"},"query-input":{"@type":"PropertyValueSpecification","valueRequired":true,"valueName":"search_term_string"}}],"inLanguage":"en-GB"},{"@type":"Organization","@id":"https:\/\/segurabravoabogados.com\/#organization","name":"SEGURA & BRAVO ABOGADOS","url":"https:\/\/segurabravoabogados.com\/","logo":{"@type":"ImageObject","inLanguage":"en-GB","@id":"https:\/\/segurabravoabogados.com\/#\/schema\/logo\/image\/","url":"http:\/\/segurabravoabogados.com\/wp-content\/uploads\/2022\/10\/Logo-Segura-Bravo-Abogados.jpg","contentUrl":"http:\/\/segurabravoabogados.com\/wp-content\/uploads\/2022\/10\/Logo-Segura-Bravo-Abogados.jpg","width":500,"height":179,"caption":"SEGURA & BRAVO ABOGADOS"},"image":{"@id":"https:\/\/segurabravoabogados.com\/#\/schema\/logo\/image\/"}}]}},"_links":{"self":[{"href":"https:\/\/segurabravoabogados.com\/en\/wp-json\/wp\/v2\/pages\/836","targetHints":{"allow":["GET"]}}],"collection":[{"href":"https:\/\/segurabravoabogados.com\/en\/wp-json\/wp\/v2\/pages"}],"about":[{"href":"https:\/\/segurabravoabogados.com\/en\/wp-json\/wp\/v2\/types\/page"}],"author":[{"embeddable":true,"href":"https:\/\/segurabravoabogados.com\/en\/wp-json\/wp\/v2\/users\/1"}],"replies":[{"embeddable":true,"href":"https:\/\/segurabravoabogados.com\/en\/wp-json\/wp\/v2\/comments?post=836"}],"version-history":[{"count":14,"href":"https:\/\/segurabravoabogados.com\/en\/wp-json\/wp\/v2\/pages\/836\/revisions"}],"predecessor-version":[{"id":1464,"href":"https:\/\/segurabravoabogados.com\/en\/wp-json\/wp\/v2\/pages\/836\/revisions\/1464"}],"wp:attachment":[{"href":"https:\/\/segurabravoabogados.com\/en\/wp-json\/wp\/v2\/media?parent=836"}],"curies":[{"name":"wp","href":"https:\/\/api.w.org\/{rel}","templated":true}]}}