{"id":830,"date":"2022-10-13T11:40:53","date_gmt":"2022-10-13T09:40:53","guid":{"rendered":"https:\/\/sienna-echidna-939767.hostingersite.com\/?page_id=830"},"modified":"2023-07-12T18:20:56","modified_gmt":"2023-07-12T16:20:56","slug":"bancario-financiero","status":"publish","type":"page","link":"https:\/\/segurabravoabogados.com\/en\/bancario-financiero\/","title":{"rendered":"Banking and Financial Law"},"content":{"rendered":"<div class=\"wp-block-cover\"><span aria-hidden=\"true\" class=\"wp-block-cover__background has-background-dim\"><\/span><img decoding=\"async\" class=\"wp-block-cover__image-background wp-image-826 lazyload\" alt=\"\u00c1reas de pr\u00e1ctica\" src=\"data:image\/gif;base64,R0lGODlhAQABAIAAAAAAAP\/\/\/yH5BAEAAAAALAAAAAABAAEAAAIBRAA7\" data-src=\"http:\/\/segurabravoabogados.com\/wp-content\/uploads\/2022\/10\/contrato-y-obligaciones-scaled.jpg\" data-object-fit=\"cover\"\/><noscript><img decoding=\"async\" width=\"2560\" height=\"1506\" class=\"wp-block-cover__image-background wp-image-826 lazyload\" alt=\"\u00c1reas de pr\u00e1ctica\" src=\"http:\/\/segurabravoabogados.com\/wp-content\/uploads\/2022\/10\/contrato-y-obligaciones-scaled.jpg\" data-object-fit=\"cover\" srcset=\"https:\/\/segurabravoabogados.com\/wp-content\/uploads\/2022\/10\/contrato-y-obligaciones-scaled.jpg 2560w, https:\/\/segurabravoabogados.com\/wp-content\/uploads\/2022\/10\/contrato-y-obligaciones-300x176.jpg 300w, https:\/\/segurabravoabogados.com\/wp-content\/uploads\/2022\/10\/contrato-y-obligaciones-1024x602.jpg 1024w, https:\/\/segurabravoabogados.com\/wp-content\/uploads\/2022\/10\/contrato-y-obligaciones-768x452.jpg 768w, https:\/\/segurabravoabogados.com\/wp-content\/uploads\/2022\/10\/contrato-y-obligaciones-1536x903.jpg 1536w, https:\/\/segurabravoabogados.com\/wp-content\/uploads\/2022\/10\/contrato-y-obligaciones-2048x1205.jpg 2048w, https:\/\/segurabravoabogados.com\/wp-content\/uploads\/2022\/10\/contrato-y-obligaciones-18x12.jpg 18w\" sizes=\"(max-width: 2560px) 100vw, 2560px\" \/><\/noscript><div class=\"wp-block-cover__inner-container is-layout-flow wp-block-cover-is-layout-flow\">\n<h1 class=\"wp-block-heading\">Banking and Financial Law<\/h1>\n\n\n\n<h3 class=\"wp-block-heading has-neve-link-color-color has-text-color\">LEGAL AND TAX SERVICES<\/h3>\n<\/div><\/div>\n\n\n\n<div id=\"wp-block-themeisle-blocks-advanced-columns-1a88eaf2\" class=\"wp-block-themeisle-blocks-advanced-columns has-1-columns has-desktop-equal-layout has-tablet-equal-layout has-mobile-equal-layout has-vertical-unset\"><div class=\"wp-block-themeisle-blocks-advanced-columns-overlay\"><\/div><div class=\"innerblocks-wrap\">\n<div id=\"wp-block-themeisle-blocks-advanced-column-e777ce80\" class=\"wp-block-themeisle-blocks-advanced-column\">\n<h3 class=\"wp-block-heading has-neve-link-hover-color-color has-text-color\">Abogado bancario en M\u00e1laga &#8211; Servicios Profesionales que ofrecemos:<\/h3>\n\n\n\n<ol class=\"wp-block-list\">\n<li>Reclamaci\u00f3n de <strong>clausulas abusivas<\/strong> a entidades financieras:\n<ul class=\"wp-block-list\">\n<li>&nbsp;\u2022&nbsp;Cl\u00e1usulas suelo<\/li>\n\n\n\n<li>&nbsp;\u2022&nbsp;Hipotecas referenciadas al IRPH<\/li>\n\n\n\n<li>&nbsp;\u2022&nbsp;Hipotecas Multidivisas<\/li>\n\n\n\n<li>&nbsp;\u2022&nbsp;Gastos de formalizaci\u00f3n\/constituci\u00f3n de hipoteca (aranceles notariales y registrales, tasaci\u00f3n, gestor\u00eda&#8230;)<\/li>\n\n\n\n<li>&nbsp;\u2022&nbsp;Gastos de apertura<\/li>\n\n\n\n<li>&nbsp;\u2022&nbsp;Vencimiento anticipado<\/li>\n\n\n\n<li>&nbsp;\u2022&nbsp;Tarjetas de cr\u00e9dito (especialmente tarjetas revolving)<\/li>\n<\/ul>\n<\/li>\n\n\n\n<li>Cargos <strong>fraudulentos<\/strong> en cuentas bancarias (duplicados o clonaci\u00f3n de tarjetas, phishing o smishing)<\/li>\n\n\n\n<li>Obtenci\u00f3n de <strong>financiaci\u00f3n<\/strong><\/li>\n\n\n\n<li>Reclamaciones previas a la v\u00eda judicial<\/li>\n<\/ol>\n\n\n\n<div style=\"height:30px\" aria-hidden=\"true\" class=\"wp-block-spacer\"><\/div>\n\n\n\n<h3 class=\"wp-block-heading\">Somos un despacho de abogados especializados en fraudes bancarios en M\u00e1laga. Te asesoramos con total seriedad, profesionalidad y discreci\u00f3n. <\/h3>\n<\/div>\n<\/div><\/div>","protected":false},"excerpt":{"rendered":"","protected":false},"author":1,"featured_media":0,"parent":0,"menu_order":0,"comment_status":"closed","ping_status":"closed","template":"page-templates\/template-pagebuilder-full-width.php","meta":{"neve_meta_sidebar":"full-width","neve_meta_container":"contained","neve_meta_enable_content_width":"on","neve_meta_content_width":100,"neve_meta_title_alignment":"","neve_meta_author_avatar":"","neve_post_elements_order":"","neve_meta_disable_header":"","neve_meta_disable_footer":"","neve_meta_disable_title":"on","_themeisle_gutenberg_block_has_review":false,"footnotes":""},"class_list":["post-830","page","type-page","status-publish","hentry"],"yoast_head":"<!-- This site is optimized with the Yoast SEO plugin v27.4 - https:\/\/yoast.com\/product\/yoast-seo-wordpress\/ -->\n<title>Abogados fraudes bancarios M\u00e1laga | Derecho Bancario<\/title>\n<meta name=\"description\" content=\"Abogados especializados en fraudes bancarios en M\u00e1laga: reclamaciones clausulas abusivas a entidades financieras. Derecho bancario.\" \/>\n<meta name=\"robots\" content=\"index, follow, max-snippet:-1, max-image-preview:large, max-video-preview:-1\" \/>\n<link rel=\"canonical\" href=\"https:\/\/segurabravoabogados.com\/en\/bancario-financiero\/\" \/>\n<meta property=\"og:locale\" content=\"en_GB\" \/>\n<meta property=\"og:type\" content=\"article\" \/>\n<meta property=\"og:title\" content=\"Abogados fraudes bancarios M\u00e1laga | Derecho Bancario\" \/>\n<meta property=\"og:description\" content=\"Abogados especializados en fraudes bancarios en M\u00e1laga: reclamaciones clausulas abusivas a entidades financieras. Derecho bancario.\" \/>\n<meta property=\"og:url\" content=\"https:\/\/segurabravoabogados.com\/en\/bancario-financiero\/\" \/>\n<meta property=\"og:site_name\" content=\"SEGURA &amp; BRAVO ABOGADOS\" \/>\n<meta property=\"article:modified_time\" content=\"2023-07-12T16:20:56+00:00\" \/>\n<meta property=\"og:image\" content=\"http:\/\/segurabravoabogados.com\/wp-content\/uploads\/2022\/10\/contrato-y-obligaciones-scaled.jpg\" \/>\n<meta name=\"twitter:card\" content=\"summary_large_image\" \/>\n<meta name=\"twitter:label1\" content=\"Estimated reading time\" \/>\n\t<meta name=\"twitter:data1\" content=\"1 minute\" \/>\n<script type=\"application\/ld+json\" class=\"yoast-schema-graph\">{\"@context\":\"https:\\\/\\\/schema.org\",\"@graph\":[{\"@type\":\"WebPage\",\"@id\":\"https:\\\/\\\/segurabravoabogados.com\\\/bancario-financiero\\\/\",\"url\":\"https:\\\/\\\/segurabravoabogados.com\\\/bancario-financiero\\\/\",\"name\":\"Abogados fraudes bancarios M\u00e1laga | Derecho Bancario\",\"isPartOf\":{\"@id\":\"https:\\\/\\\/segurabravoabogados.com\\\/#website\"},\"primaryImageOfPage\":{\"@id\":\"https:\\\/\\\/segurabravoabogados.com\\\/bancario-financiero\\\/#primaryimage\"},\"image\":{\"@id\":\"https:\\\/\\\/segurabravoabogados.com\\\/bancario-financiero\\\/#primaryimage\"},\"thumbnailUrl\":\"http:\\\/\\\/segurabravoabogados.com\\\/wp-content\\\/uploads\\\/2022\\\/10\\\/contrato-y-obligaciones-scaled.jpg\",\"datePublished\":\"2022-10-13T09:40:53+00:00\",\"dateModified\":\"2023-07-12T16:20:56+00:00\",\"description\":\"Abogados especializados en fraudes bancarios en M\u00e1laga: reclamaciones clausulas abusivas a entidades financieras. Derecho bancario.\",\"breadcrumb\":{\"@id\":\"https:\\\/\\\/segurabravoabogados.com\\\/bancario-financiero\\\/#breadcrumb\"},\"inLanguage\":\"en-GB\",\"potentialAction\":[{\"@type\":\"ReadAction\",\"target\":[\"https:\\\/\\\/segurabravoabogados.com\\\/bancario-financiero\\\/\"]}]},{\"@type\":\"ImageObject\",\"inLanguage\":\"en-GB\",\"@id\":\"https:\\\/\\\/segurabravoabogados.com\\\/bancario-financiero\\\/#primaryimage\",\"url\":\"http:\\\/\\\/segurabravoabogados.com\\\/wp-content\\\/uploads\\\/2022\\\/10\\\/contrato-y-obligaciones-scaled.jpg\",\"contentUrl\":\"http:\\\/\\\/segurabravoabogados.com\\\/wp-content\\\/uploads\\\/2022\\\/10\\\/contrato-y-obligaciones-scaled.jpg\"},{\"@type\":\"BreadcrumbList\",\"@id\":\"https:\\\/\\\/segurabravoabogados.com\\\/bancario-financiero\\\/#breadcrumb\",\"itemListElement\":[{\"@type\":\"ListItem\",\"position\":1,\"name\":\"Home\",\"item\":\"https:\\\/\\\/segurabravoabogados.com\\\/\"},{\"@type\":\"ListItem\",\"position\":2,\"name\":\"Derecho Bancario y Financiero\"}]},{\"@type\":\"WebSite\",\"@id\":\"https:\\\/\\\/segurabravoabogados.com\\\/#website\",\"url\":\"https:\\\/\\\/segurabravoabogados.com\\\/\",\"name\":\"SEGURA &amp; BRAVO ABOGADOS\",\"description\":\"SEGURA &amp; BRAVO ABOGADOS\",\"publisher\":{\"@id\":\"https:\\\/\\\/segurabravoabogados.com\\\/#organization\"},\"potentialAction\":[{\"@type\":\"SearchAction\",\"target\":{\"@type\":\"EntryPoint\",\"urlTemplate\":\"https:\\\/\\\/segurabravoabogados.com\\\/?s={search_term_string}\"},\"query-input\":{\"@type\":\"PropertyValueSpecification\",\"valueRequired\":true,\"valueName\":\"search_term_string\"}}],\"inLanguage\":\"en-GB\"},{\"@type\":\"Organization\",\"@id\":\"https:\\\/\\\/segurabravoabogados.com\\\/#organization\",\"name\":\"SEGURA & BRAVO ABOGADOS\",\"url\":\"https:\\\/\\\/segurabravoabogados.com\\\/\",\"logo\":{\"@type\":\"ImageObject\",\"inLanguage\":\"en-GB\",\"@id\":\"https:\\\/\\\/segurabravoabogados.com\\\/#\\\/schema\\\/logo\\\/image\\\/\",\"url\":\"http:\\\/\\\/segurabravoabogados.com\\\/wp-content\\\/uploads\\\/2022\\\/10\\\/Logo-Segura-Bravo-Abogados.jpg\",\"contentUrl\":\"http:\\\/\\\/segurabravoabogados.com\\\/wp-content\\\/uploads\\\/2022\\\/10\\\/Logo-Segura-Bravo-Abogados.jpg\",\"width\":500,\"height\":179,\"caption\":\"SEGURA & BRAVO ABOGADOS\"},\"image\":{\"@id\":\"https:\\\/\\\/segurabravoabogados.com\\\/#\\\/schema\\\/logo\\\/image\\\/\"}}]}<\/script>\n<!-- \/ Yoast SEO plugin. -->","yoast_head_json":{"title":"Abogados fraudes bancarios M\u00e1laga | Derecho Bancario","description":"Abogados especializados en fraudes bancarios en M\u00e1laga: reclamaciones clausulas abusivas a entidades financieras. Derecho bancario.","robots":{"index":"index","follow":"follow","max-snippet":"max-snippet:-1","max-image-preview":"max-image-preview:large","max-video-preview":"max-video-preview:-1"},"canonical":"https:\/\/segurabravoabogados.com\/en\/bancario-financiero\/","og_locale":"en_GB","og_type":"article","og_title":"Abogados fraudes bancarios M\u00e1laga | Derecho Bancario","og_description":"Abogados especializados en fraudes bancarios en M\u00e1laga: reclamaciones clausulas abusivas a entidades financieras. Derecho bancario.","og_url":"https:\/\/segurabravoabogados.com\/en\/bancario-financiero\/","og_site_name":"SEGURA &amp; BRAVO ABOGADOS","article_modified_time":"2023-07-12T16:20:56+00:00","og_image":[{"url":"http:\/\/segurabravoabogados.com\/wp-content\/uploads\/2022\/10\/contrato-y-obligaciones-scaled.jpg","type":"","width":"","height":""}],"twitter_card":"summary_large_image","twitter_misc":{"Estimated reading time":"1 minute"},"schema":{"@context":"https:\/\/schema.org","@graph":[{"@type":"WebPage","@id":"https:\/\/segurabravoabogados.com\/bancario-financiero\/","url":"https:\/\/segurabravoabogados.com\/bancario-financiero\/","name":"Abogados fraudes bancarios M\u00e1laga | Derecho Bancario","isPartOf":{"@id":"https:\/\/segurabravoabogados.com\/#website"},"primaryImageOfPage":{"@id":"https:\/\/segurabravoabogados.com\/bancario-financiero\/#primaryimage"},"image":{"@id":"https:\/\/segurabravoabogados.com\/bancario-financiero\/#primaryimage"},"thumbnailUrl":"http:\/\/segurabravoabogados.com\/wp-content\/uploads\/2022\/10\/contrato-y-obligaciones-scaled.jpg","datePublished":"2022-10-13T09:40:53+00:00","dateModified":"2023-07-12T16:20:56+00:00","description":"Abogados especializados en fraudes bancarios en M\u00e1laga: reclamaciones clausulas abusivas a entidades financieras. Derecho bancario.","breadcrumb":{"@id":"https:\/\/segurabravoabogados.com\/bancario-financiero\/#breadcrumb"},"inLanguage":"en-GB","potentialAction":[{"@type":"ReadAction","target":["https:\/\/segurabravoabogados.com\/bancario-financiero\/"]}]},{"@type":"ImageObject","inLanguage":"en-GB","@id":"https:\/\/segurabravoabogados.com\/bancario-financiero\/#primaryimage","url":"http:\/\/segurabravoabogados.com\/wp-content\/uploads\/2022\/10\/contrato-y-obligaciones-scaled.jpg","contentUrl":"http:\/\/segurabravoabogados.com\/wp-content\/uploads\/2022\/10\/contrato-y-obligaciones-scaled.jpg"},{"@type":"BreadcrumbList","@id":"https:\/\/segurabravoabogados.com\/bancario-financiero\/#breadcrumb","itemListElement":[{"@type":"ListItem","position":1,"name":"Home","item":"https:\/\/segurabravoabogados.com\/"},{"@type":"ListItem","position":2,"name":"Derecho Bancario y Financiero"}]},{"@type":"WebSite","@id":"https:\/\/segurabravoabogados.com\/#website","url":"https:\/\/segurabravoabogados.com\/","name":"SEGURA &amp; BRAVO LAWYERS","description":"SEGURA &amp; BRAVO LAWYERS","publisher":{"@id":"https:\/\/segurabravoabogados.com\/#organization"},"potentialAction":[{"@type":"SearchAction","target":{"@type":"EntryPoint","urlTemplate":"https:\/\/segurabravoabogados.com\/?s={search_term_string}"},"query-input":{"@type":"PropertyValueSpecification","valueRequired":true,"valueName":"search_term_string"}}],"inLanguage":"en-GB"},{"@type":"Organization","@id":"https:\/\/segurabravoabogados.com\/#organization","name":"SEGURA & BRAVO ABOGADOS","url":"https:\/\/segurabravoabogados.com\/","logo":{"@type":"ImageObject","inLanguage":"en-GB","@id":"https:\/\/segurabravoabogados.com\/#\/schema\/logo\/image\/","url":"http:\/\/segurabravoabogados.com\/wp-content\/uploads\/2022\/10\/Logo-Segura-Bravo-Abogados.jpg","contentUrl":"http:\/\/segurabravoabogados.com\/wp-content\/uploads\/2022\/10\/Logo-Segura-Bravo-Abogados.jpg","width":500,"height":179,"caption":"SEGURA & BRAVO ABOGADOS"},"image":{"@id":"https:\/\/segurabravoabogados.com\/#\/schema\/logo\/image\/"}}]}},"_links":{"self":[{"href":"https:\/\/segurabravoabogados.com\/en\/wp-json\/wp\/v2\/pages\/830","targetHints":{"allow":["GET"]}}],"collection":[{"href":"https:\/\/segurabravoabogados.com\/en\/wp-json\/wp\/v2\/pages"}],"about":[{"href":"https:\/\/segurabravoabogados.com\/en\/wp-json\/wp\/v2\/types\/page"}],"author":[{"embeddable":true,"href":"https:\/\/segurabravoabogados.com\/en\/wp-json\/wp\/v2\/users\/1"}],"replies":[{"embeddable":true,"href":"https:\/\/segurabravoabogados.com\/en\/wp-json\/wp\/v2\/comments?post=830"}],"version-history":[{"count":14,"href":"https:\/\/segurabravoabogados.com\/en\/wp-json\/wp\/v2\/pages\/830\/revisions"}],"predecessor-version":[{"id":1442,"href":"https:\/\/segurabravoabogados.com\/en\/wp-json\/wp\/v2\/pages\/830\/revisions\/1442"}],"wp:attachment":[{"href":"https:\/\/segurabravoabogados.com\/en\/wp-json\/wp\/v2\/media?parent=830"}],"curies":[{"name":"wp","href":"https:\/\/api.w.org\/{rel}","templated":true}]}}