{"id":554,"date":"2022-11-03T16:30:43","date_gmt":"2022-11-03T14:30:43","guid":{"rendered":"https:\/\/sienna-echidna-939767.hostingersite.com\/?page_id=554"},"modified":"2023-07-12T17:52:03","modified_gmt":"2023-07-12T15:52:03","slug":"areas","status":"publish","type":"page","link":"https:\/\/segurabravoabogados.com\/en\/areas\/","title":{"rendered":"EXPERTISE"},"content":{"rendered":"<div class=\"wp-block-cover\"><span aria-hidden=\"true\" class=\"wp-block-cover__background has-background-dim\" style=\"background-color:#454545\"><\/span><img decoding=\"async\" class=\"wp-block-cover__image-background wp-image-826 lazyload\" alt=\"\u00e1reas de pr\u00e1ctica\" src=\"data:image\/gif;base64,R0lGODlhAQABAIAAAAAAAP\/\/\/yH5BAEAAAAALAAAAAABAAEAAAIBRAA7\" data-src=\"http:\/\/segurabravoabogados.com\/wp-content\/uploads\/2022\/10\/contrato-y-obligaciones-scaled.jpg\" data-object-fit=\"cover\"\/><noscript><img decoding=\"async\" width=\"2560\" height=\"1506\" class=\"wp-block-cover__image-background wp-image-826 lazyload\" alt=\"\u00e1reas de pr\u00e1ctica\" src=\"http:\/\/segurabravoabogados.com\/wp-content\/uploads\/2022\/10\/contrato-y-obligaciones-scaled.jpg\" data-object-fit=\"cover\" srcset=\"https:\/\/segurabravoabogados.com\/wp-content\/uploads\/2022\/10\/contrato-y-obligaciones-scaled.jpg 2560w, https:\/\/segurabravoabogados.com\/wp-content\/uploads\/2022\/10\/contrato-y-obligaciones-300x176.jpg 300w, https:\/\/segurabravoabogados.com\/wp-content\/uploads\/2022\/10\/contrato-y-obligaciones-1024x602.jpg 1024w, https:\/\/segurabravoabogados.com\/wp-content\/uploads\/2022\/10\/contrato-y-obligaciones-768x452.jpg 768w, https:\/\/segurabravoabogados.com\/wp-content\/uploads\/2022\/10\/contrato-y-obligaciones-1536x903.jpg 1536w, https:\/\/segurabravoabogados.com\/wp-content\/uploads\/2022\/10\/contrato-y-obligaciones-2048x1205.jpg 2048w, https:\/\/segurabravoabogados.com\/wp-content\/uploads\/2022\/10\/contrato-y-obligaciones-18x12.jpg 18w\" sizes=\"(max-width: 2560px) 100vw, 2560px\" \/><\/noscript><div class=\"wp-block-cover__inner-container is-layout-flow wp-block-cover-is-layout-flow\">\n<h1 class=\"wp-block-heading has-text-align-center\">LEGAL AND TAX SERVICES<\/h1>\n<\/div><\/div>\n\n\n\n<div id=\"wp-block-themeisle-blocks-advanced-columns-18d3f262\" class=\"wp-block-themeisle-blocks-advanced-columns has-2-columns has-desktop-equal-layout has-tablet-equal-layout has-mobile-collapsedRows-layout has-vertical-unset\"><div class=\"wp-block-themeisle-blocks-advanced-columns-overlay\"><\/div><div class=\"innerblocks-wrap\">\n<div id=\"wp-block-themeisle-blocks-advanced-column-23bd4eba\" class=\"wp-block-themeisle-blocks-advanced-column\">\n<h3 class=\"wp-block-heading has-text-align-center\">AREAS<\/h3>\n\n\n\n<div class=\"wp-block-buttons is-content-justification-center is-layout-flex wp-container-core-buttons-is-layout-16018d1d wp-block-buttons-is-layout-flex\">\n<div class=\"wp-block-button has-custom-width wp-block-button__width-100 is-style-primary\"><a class=\"wp-block-button__link wp-element-button\" href=\"https:\/\/sienna-echidna-939767.hostingersite.com\/administrativo\">ADMINISTRATIVE<\/a><\/div>\n\n\n\n<div class=\"wp-block-button has-custom-width wp-block-button__width-100 is-style-primary\"><a class=\"wp-block-button__link wp-element-button\" href=\"https:\/\/sienna-echidna-939767.hostingersite.com\/bancario-financiero\">BANKING &amp; FINANCE<\/a><\/div>\n\n\n\n<div class=\"wp-block-button has-custom-width wp-block-button__width-100 is-style-primary\"><a class=\"wp-block-button__link wp-element-button\" href=\"https:\/\/sienna-echidna-939767.hostingersite.com\/extranjeria\">FOREIGNERS<\/a><\/div>\n\n\n\n<div class=\"wp-block-button has-custom-width wp-block-button__width-100 is-style-primary\"><a class=\"wp-block-button__link wp-element-button\" href=\"https:\/\/sienna-echidna-939767.hostingersite.com\/familia-sucesiones\">FAMILY &amp; INHERITANCE<\/a><\/div>\n\n\n\n<div class=\"wp-block-button has-custom-width wp-block-button__width-100 is-style-primary\"><a class=\"wp-block-button__link wp-element-button\" href=\"https:\/\/sienna-echidna-939767.hostingersite.com\/fiscal-tributario\">TAX<\/a><\/div>\n\n\n\n<div class=\"wp-block-button has-custom-width wp-block-button__width-100 is-style-primary\"><a class=\"wp-block-button__link wp-element-button\" href=\"https:\/\/sienna-echidna-939767.hostingersite.com\/inmobiliario\">REAL ESTATE<\/a><\/div>\n\n\n\n<div class=\"wp-block-button has-custom-width wp-block-button__width-100 is-style-primary\"><a class=\"wp-block-button__link wp-element-button\" href=\"https:\/\/sienna-echidna-939767.hostingersite.com\/inmobiliario\">MARITIME LAW &amp; TRANSPORT<\/a><\/div>\n\n\n\n<div class=\"wp-block-button has-custom-width wp-block-button__width-100 is-style-primary\"><a class=\"wp-block-button__link wp-element-button\" href=\"https:\/\/sienna-echidna-939767.hostingersite.com\/obligaciones-contratos\">OBLIGATIONS &amp; CONTRACTS<\/a><\/div>\n\n\n\n<div class=\"wp-block-button has-custom-width wp-block-button__width-100 is-style-primary\"><a class=\"wp-block-button__link wp-element-button\" href=\"https:\/\/sienna-echidna-939767.hostingersite.com\/seguros\">INSURANCE<\/a><\/div>\n<\/div>\n<\/div>\n\n\n\n<div id=\"wp-block-themeisle-blocks-advanced-column-ad267635\" class=\"wp-block-themeisle-blocks-advanced-column\">\n<div style=\"height:50px\" aria-hidden=\"true\" class=\"wp-block-spacer\"><\/div>\n\n\n\n<p>Te ofrecemos amplia cartera de servicios para que puedas tener un completo <strong>asesoramiento civil, fiscal y tributario. <\/strong><\/p>\n\n\n\n<p><strong><a href=\"https:\/\/sienna-echidna-939767.hostingersite.com\/administrativo\/\" target=\"_blank\" rel=\"noreferrer noopener\">ADMINISTRATIVE LAW<\/a><\/strong><\/p>\n\n\n\n<p>Claim for patrimonial responsibility of the Public Administration (falls, damages to property...)<\/p>\n\n\n\n<p><strong><a href=\"https:\/\/sienna-echidna-939767.hostingersite.com\/bancario-financiero\/\" target=\"_blank\" rel=\"noreferrer noopener\">BANKING AND FINANCIAL LAW<\/a><\/strong><\/p>\n\n\n\n<p>Floor clauses, revolving cards, credit card scams, claiming purchase expenses, contractual clauses and preferential assets.<\/p>\n\n\n\n<p><strong><a href=\"https:\/\/sienna-echidna-939767.hostingersite.com\/extranjeria\/\" target=\"_blank\" rel=\"noreferrer noopener\">FOREIGNERS LAW<\/a><\/strong><\/p>\n\n\n\n<p>Asylum, residence permits, and nationality are processed.<\/p>\n\n\n\n<p><a href=\"https:\/\/sienna-echidna-939767.hostingersite.com\/familia-sucesiones\/\" target=\"_blank\" rel=\"noreferrer noopener\"><strong>FAMILY &amp; INHERITANCE<\/strong> <\/a><\/p>\n\n\n\n<p>Divorces, child support, filiations and financial marriage rules.<\/p>\n\n\n\n<p id=\"wp-block-themeisle-blocks-advanced-heading-2f996a58\">Testamentos, donaciones, herencias y legados, y divisi\u00f3n patrimonial. A tu disposici\u00f3n abogado especializado en Derecho civil en M\u00e1laga. <\/p>\n\n\n\n<p><strong><a href=\"https:\/\/sienna-echidna-939767.hostingersite.com\/fiscal-tributario\">ABOGADO DERECHO TRIBUTARIO EN M\u00c1LAGA<\/a><\/strong><\/p>\n\n\n\n<p>Income tax, VAT, corporate tax, non-resident, administrative claims and appeals. <\/p>\n\n\n\n<p><strong><a href=\"https:\/\/sienna-echidna-939767.hostingersite.com\/inmobiliario\/\" target=\"_blank\" rel=\"noreferrer noopener\">REAL ESTATE<\/a><\/strong><\/p>\n\n\n\n<p>Purchases and sales, rentals and evictions, homeowners' associations (horizontal property and claims against debtors), property, usufruct, construction and developers.<\/p>\n\n\n\n<p><strong><a href=\"https:\/\/sienna-echidna-939767.hostingersite.com\/maritimo\/\" target=\"_blank\" rel=\"noreferrer noopener\">MARITIME LAW &amp; TRANSPORT<\/a><\/strong><\/p>\n\n\n\n<p>EU customs representative of the goods in transit of international trade. We facilitate the import and export of goods subject to customs inspection and enforce trade policy regulations. <\/p>\n\n\n\n<p><strong><a href=\"https:\/\/sienna-echidna-939767.hostingersite.com\/obligaciones-contratos\/\" target=\"_blank\" rel=\"noreferrer noopener\">OBLIGATIONS &amp; CONTRACTS<\/a><\/strong><\/p>\n\n\n\n<p>General contracts, guarantees, bonds and sureties.<\/p>\n\n\n\n<p><strong><a href=\"https:\/\/sienna-echidna-939767.hostingersite.com\/seguros\/\" target=\"_blank\" rel=\"noreferrer noopener\">INSURANCE<\/a><\/strong><\/p>\n\n\n\n<p>Life insurance, temporary disability, health insurance, accident insurance and accident coverage through credit card payment.<\/p>\n<\/div>\n<\/div><\/div>","protected":false},"excerpt":{"rendered":"","protected":false},"author":1,"featured_media":0,"parent":0,"menu_order":0,"comment_status":"closed","ping_status":"closed","template":"page-templates\/template-pagebuilder-full-width.php","meta":{"neve_meta_sidebar":"full-width","neve_meta_container":"contained","neve_meta_enable_content_width":"on","neve_meta_content_width":100,"neve_meta_title_alignment":"center","neve_meta_author_avatar":"","neve_post_elements_order":"","neve_meta_disable_header":"","neve_meta_disable_footer":"","neve_meta_disable_title":"","_themeisle_gutenberg_block_has_review":false,"footnotes":""},"class_list":["post-554","page","type-page","status-publish","hentry"],"yoast_head":"<!-- This site is optimized with the Yoast SEO plugin v27.4 - https:\/\/yoast.com\/product\/yoast-seo-wordpress\/ -->\n<title>Abogado Derecho civil, Derecho tributario en M\u00e1laga<\/title>\n<meta name=\"description\" content=\"Te ofrecemos asesoramiento legal y fiscal. Abogado especializado en Derecho civil y Derecho tributario en M\u00e1laga. Solic\u00edtanos informaci\u00f3n\" \/>\n<meta name=\"robots\" content=\"index, follow, max-snippet:-1, max-image-preview:large, max-video-preview:-1\" \/>\n<link rel=\"canonical\" href=\"https:\/\/segurabravoabogados.com\/en\/areas\/\" \/>\n<meta property=\"og:locale\" content=\"en_GB\" \/>\n<meta property=\"og:type\" content=\"article\" \/>\n<meta property=\"og:title\" content=\"Abogado Derecho civil, Derecho tributario en M\u00e1laga\" \/>\n<meta property=\"og:description\" content=\"Te ofrecemos asesoramiento legal y fiscal. Abogado especializado en Derecho civil y Derecho tributario en M\u00e1laga. Solic\u00edtanos informaci\u00f3n\" \/>\n<meta property=\"og:url\" content=\"https:\/\/segurabravoabogados.com\/en\/areas\/\" \/>\n<meta property=\"og:site_name\" content=\"SEGURA &amp; BRAVO ABOGADOS\" \/>\n<meta property=\"article:modified_time\" content=\"2023-07-12T15:52:03+00:00\" \/>\n<meta property=\"og:image\" content=\"http:\/\/segurabravoabogados.com\/wp-content\/uploads\/2022\/10\/contrato-y-obligaciones-scaled.jpg\" \/>\n<meta name=\"twitter:card\" content=\"summary_large_image\" \/>\n<meta name=\"twitter:label1\" content=\"Estimated reading time\" \/>\n\t<meta name=\"twitter:data1\" content=\"2 minutes\" \/>\n<script type=\"application\/ld+json\" class=\"yoast-schema-graph\">{\"@context\":\"https:\\\/\\\/schema.org\",\"@graph\":[{\"@type\":\"WebPage\",\"@id\":\"https:\\\/\\\/segurabravoabogados.com\\\/areas\\\/\",\"url\":\"https:\\\/\\\/segurabravoabogados.com\\\/areas\\\/\",\"name\":\"Abogado Derecho civil, Derecho tributario en M\u00e1laga\",\"isPartOf\":{\"@id\":\"https:\\\/\\\/segurabravoabogados.com\\\/#website\"},\"primaryImageOfPage\":{\"@id\":\"https:\\\/\\\/segurabravoabogados.com\\\/areas\\\/#primaryimage\"},\"image\":{\"@id\":\"https:\\\/\\\/segurabravoabogados.com\\\/areas\\\/#primaryimage\"},\"thumbnailUrl\":\"http:\\\/\\\/segurabravoabogados.com\\\/wp-content\\\/uploads\\\/2022\\\/10\\\/contrato-y-obligaciones-scaled.jpg\",\"datePublished\":\"2022-11-03T14:30:43+00:00\",\"dateModified\":\"2023-07-12T15:52:03+00:00\",\"description\":\"Te ofrecemos asesoramiento legal y fiscal. Abogado especializado en Derecho civil y Derecho tributario en M\u00e1laga. Solic\u00edtanos informaci\u00f3n\",\"breadcrumb\":{\"@id\":\"https:\\\/\\\/segurabravoabogados.com\\\/areas\\\/#breadcrumb\"},\"inLanguage\":\"en-GB\",\"potentialAction\":[{\"@type\":\"ReadAction\",\"target\":[\"https:\\\/\\\/segurabravoabogados.com\\\/areas\\\/\"]}]},{\"@type\":\"ImageObject\",\"inLanguage\":\"en-GB\",\"@id\":\"https:\\\/\\\/segurabravoabogados.com\\\/areas\\\/#primaryimage\",\"url\":\"http:\\\/\\\/segurabravoabogados.com\\\/wp-content\\\/uploads\\\/2022\\\/10\\\/contrato-y-obligaciones-scaled.jpg\",\"contentUrl\":\"http:\\\/\\\/segurabravoabogados.com\\\/wp-content\\\/uploads\\\/2022\\\/10\\\/contrato-y-obligaciones-scaled.jpg\"},{\"@type\":\"BreadcrumbList\",\"@id\":\"https:\\\/\\\/segurabravoabogados.com\\\/areas\\\/#breadcrumb\",\"itemListElement\":[{\"@type\":\"ListItem\",\"position\":1,\"name\":\"Home\",\"item\":\"https:\\\/\\\/segurabravoabogados.com\\\/\"},{\"@type\":\"ListItem\",\"position\":2,\"name\":\"\u00c1reas\"}]},{\"@type\":\"WebSite\",\"@id\":\"https:\\\/\\\/segurabravoabogados.com\\\/#website\",\"url\":\"https:\\\/\\\/segurabravoabogados.com\\\/\",\"name\":\"SEGURA &amp; BRAVO ABOGADOS\",\"description\":\"SEGURA &amp; BRAVO ABOGADOS\",\"publisher\":{\"@id\":\"https:\\\/\\\/segurabravoabogados.com\\\/#organization\"},\"potentialAction\":[{\"@type\":\"SearchAction\",\"target\":{\"@type\":\"EntryPoint\",\"urlTemplate\":\"https:\\\/\\\/segurabravoabogados.com\\\/?s={search_term_string}\"},\"query-input\":{\"@type\":\"PropertyValueSpecification\",\"valueRequired\":true,\"valueName\":\"search_term_string\"}}],\"inLanguage\":\"en-GB\"},{\"@type\":\"Organization\",\"@id\":\"https:\\\/\\\/segurabravoabogados.com\\\/#organization\",\"name\":\"SEGURA & BRAVO ABOGADOS\",\"url\":\"https:\\\/\\\/segurabravoabogados.com\\\/\",\"logo\":{\"@type\":\"ImageObject\",\"inLanguage\":\"en-GB\",\"@id\":\"https:\\\/\\\/segurabravoabogados.com\\\/#\\\/schema\\\/logo\\\/image\\\/\",\"url\":\"http:\\\/\\\/segurabravoabogados.com\\\/wp-content\\\/uploads\\\/2022\\\/10\\\/Logo-Segura-Bravo-Abogados.jpg\",\"contentUrl\":\"http:\\\/\\\/segurabravoabogados.com\\\/wp-content\\\/uploads\\\/2022\\\/10\\\/Logo-Segura-Bravo-Abogados.jpg\",\"width\":500,\"height\":179,\"caption\":\"SEGURA & BRAVO ABOGADOS\"},\"image\":{\"@id\":\"https:\\\/\\\/segurabravoabogados.com\\\/#\\\/schema\\\/logo\\\/image\\\/\"}}]}<\/script>\n<!-- \/ Yoast SEO plugin. -->","yoast_head_json":{"title":"Abogado Derecho civil, Derecho tributario en M\u00e1laga","description":"Te ofrecemos asesoramiento legal y fiscal. Abogado especializado en Derecho civil y Derecho tributario en M\u00e1laga. Solic\u00edtanos informaci\u00f3n","robots":{"index":"index","follow":"follow","max-snippet":"max-snippet:-1","max-image-preview":"max-image-preview:large","max-video-preview":"max-video-preview:-1"},"canonical":"https:\/\/segurabravoabogados.com\/en\/areas\/","og_locale":"en_GB","og_type":"article","og_title":"Abogado Derecho civil, Derecho tributario en M\u00e1laga","og_description":"Te ofrecemos asesoramiento legal y fiscal. Abogado especializado en Derecho civil y Derecho tributario en M\u00e1laga. Solic\u00edtanos informaci\u00f3n","og_url":"https:\/\/segurabravoabogados.com\/en\/areas\/","og_site_name":"SEGURA &amp; BRAVO ABOGADOS","article_modified_time":"2023-07-12T15:52:03+00:00","og_image":[{"url":"http:\/\/segurabravoabogados.com\/wp-content\/uploads\/2022\/10\/contrato-y-obligaciones-scaled.jpg","type":"","width":"","height":""}],"twitter_card":"summary_large_image","twitter_misc":{"Estimated reading time":"2 minutes"},"schema":{"@context":"https:\/\/schema.org","@graph":[{"@type":"WebPage","@id":"https:\/\/segurabravoabogados.com\/areas\/","url":"https:\/\/segurabravoabogados.com\/areas\/","name":"Abogado Derecho civil, Derecho tributario en M\u00e1laga","isPartOf":{"@id":"https:\/\/segurabravoabogados.com\/#website"},"primaryImageOfPage":{"@id":"https:\/\/segurabravoabogados.com\/areas\/#primaryimage"},"image":{"@id":"https:\/\/segurabravoabogados.com\/areas\/#primaryimage"},"thumbnailUrl":"http:\/\/segurabravoabogados.com\/wp-content\/uploads\/2022\/10\/contrato-y-obligaciones-scaled.jpg","datePublished":"2022-11-03T14:30:43+00:00","dateModified":"2023-07-12T15:52:03+00:00","description":"Te ofrecemos asesoramiento legal y fiscal. Abogado especializado en Derecho civil y Derecho tributario en M\u00e1laga. Solic\u00edtanos informaci\u00f3n","breadcrumb":{"@id":"https:\/\/segurabravoabogados.com\/areas\/#breadcrumb"},"inLanguage":"en-GB","potentialAction":[{"@type":"ReadAction","target":["https:\/\/segurabravoabogados.com\/areas\/"]}]},{"@type":"ImageObject","inLanguage":"en-GB","@id":"https:\/\/segurabravoabogados.com\/areas\/#primaryimage","url":"http:\/\/segurabravoabogados.com\/wp-content\/uploads\/2022\/10\/contrato-y-obligaciones-scaled.jpg","contentUrl":"http:\/\/segurabravoabogados.com\/wp-content\/uploads\/2022\/10\/contrato-y-obligaciones-scaled.jpg"},{"@type":"BreadcrumbList","@id":"https:\/\/segurabravoabogados.com\/areas\/#breadcrumb","itemListElement":[{"@type":"ListItem","position":1,"name":"Home","item":"https:\/\/segurabravoabogados.com\/"},{"@type":"ListItem","position":2,"name":"\u00c1reas"}]},{"@type":"WebSite","@id":"https:\/\/segurabravoabogados.com\/#website","url":"https:\/\/segurabravoabogados.com\/","name":"SEGURA &amp; BRAVO LAWYERS","description":"SEGURA &amp; BRAVO LAWYERS","publisher":{"@id":"https:\/\/segurabravoabogados.com\/#organization"},"potentialAction":[{"@type":"SearchAction","target":{"@type":"EntryPoint","urlTemplate":"https:\/\/segurabravoabogados.com\/?s={search_term_string}"},"query-input":{"@type":"PropertyValueSpecification","valueRequired":true,"valueName":"search_term_string"}}],"inLanguage":"en-GB"},{"@type":"Organization","@id":"https:\/\/segurabravoabogados.com\/#organization","name":"SEGURA & BRAVO ABOGADOS","url":"https:\/\/segurabravoabogados.com\/","logo":{"@type":"ImageObject","inLanguage":"en-GB","@id":"https:\/\/segurabravoabogados.com\/#\/schema\/logo\/image\/","url":"http:\/\/segurabravoabogados.com\/wp-content\/uploads\/2022\/10\/Logo-Segura-Bravo-Abogados.jpg","contentUrl":"http:\/\/segurabravoabogados.com\/wp-content\/uploads\/2022\/10\/Logo-Segura-Bravo-Abogados.jpg","width":500,"height":179,"caption":"SEGURA & BRAVO ABOGADOS"},"image":{"@id":"https:\/\/segurabravoabogados.com\/#\/schema\/logo\/image\/"}}]}},"_links":{"self":[{"href":"https:\/\/segurabravoabogados.com\/en\/wp-json\/wp\/v2\/pages\/554","targetHints":{"allow":["GET"]}}],"collection":[{"href":"https:\/\/segurabravoabogados.com\/en\/wp-json\/wp\/v2\/pages"}],"about":[{"href":"https:\/\/segurabravoabogados.com\/en\/wp-json\/wp\/v2\/types\/page"}],"author":[{"embeddable":true,"href":"https:\/\/segurabravoabogados.com\/en\/wp-json\/wp\/v2\/users\/1"}],"replies":[{"embeddable":true,"href":"https:\/\/segurabravoabogados.com\/en\/wp-json\/wp\/v2\/comments?post=554"}],"version-history":[{"count":42,"href":"https:\/\/segurabravoabogados.com\/en\/wp-json\/wp\/v2\/pages\/554\/revisions"}],"predecessor-version":[{"id":1434,"href":"https:\/\/segurabravoabogados.com\/en\/wp-json\/wp\/v2\/pages\/554\/revisions\/1434"}],"wp:attachment":[{"href":"https:\/\/segurabravoabogados.com\/en\/wp-json\/wp\/v2\/media?parent=554"}],"curies":[{"name":"wp","href":"https:\/\/api.w.org\/{rel}","templated":true}]}}